{"id":1073,"date":"2012-11-13T11:24:22","date_gmt":"2012-11-13T10:24:22","guid":{"rendered":"http:\/\/medheviz.hu\/?page_id=1073"},"modified":"2023-10-21T12:48:14","modified_gmt":"2023-10-21T10:48:14","slug":"magunkrol","status":"publish","type":"page","link":"https:\/\/medheviz.hu\/de\/magunkrol\/","title":{"rendered":"Magunkr\u00f3l"},"content":{"rendered":"<p>A <strong>MedH\u00e9v\u00edz Reuma &#038; Beauty Centert<\/strong> az\u00e9rt hoztuk l\u00e9tre, hogy a mag\u00e1norvosi szolg\u00e1ltat\u00e1st keres\u0151 p\u00e1cienseknek professzion\u00e1lis, k\u00e9nyelmes \u00e9s diszkr\u00e9t kezel\u00e9sekkel szolg\u00e1lhassunk.<\/p>\n<p>H\u00e9v\u00edz term\u00e9szeti adotts\u00e1gainak k\u00f6sz\u00f6nhet\u0151en \u00e9vente t\u00f6bb t\u00edzezer l\u00e1togat\u00f3 \u00e9rkezik v\u00e1rosunkba, hogy mozgsszervi probl\u00e9m\u00e1it kezeltesse, vagy egyszer\u0171en csak az eg\u00e9szs\u00e9g\u00e9t szem el\u0151tt tartva kapcsol\u00f3djon ki. Minden esetben az a c\u00e9l, hogy a l\u00e1togat\u00f3 \u00fagy t\u00e9rjen haza, hogy t\u00fcnetei enyh\u00fcltek, net\u00e1n meg is sz\u0171ntek, hogy kipihente mag\u00e1t, \u00e9s hogy \u00fajult er\u0151vel, fitten \u00e9s eg\u00e9szs\u00e9gesen v\u00e1ghat bele ism\u00e9t a h\u00e9tk\u00f6znapokba.<\/p>\n<p>2012 m\u00e1jus\u00e1ban rendel\u0151nk mellett l\u00e9trehoztuk beauty szalonunkat, melyet olyan speci\u00e1lis berendez\u00e9sekkel szerelt\u00fcnk fel, amik seg\u00edtenek a karcs\u00fa \u00e9s feszes test el\u00e9r\u00e9s\u00e9ben, megtart\u00e1s\u00e1ban. Mindennapi munk\u00e1nk sor\u00e1n azt tapasztaltuk, hogy az eg\u00e9szs\u00e9ges test mellett a sz\u00e9p \u00e9s feszes vonalak is hozz\u00e1j\u00e1rulnak a j\u00f3 k\u00f6z\u00e9rzet \u00e9s a bels\u0151 harm\u00f3nia megteremt\u00e9s\u00e9hez. Hisz\u00fcnk abban, hogy a test \u00e9s a l\u00e9lek egyens\u00falya, a k\u00fcls\u0151 \u00e9s a bels\u0151 eg\u00e9szs\u00e9g egyar\u00e1nt fontos r\u00e9szei az eg\u00e9szs\u00e9ges \u00e9letnek.<\/p>\n<p><b>Kiknek aj\u00e1nljuk kezel\u00e9seinket?\u00a0\u00a0\u00a0\u00a0\u00a0\u00a0\u00a0\u00a0\u00a0\u00a0\u00a0\u00a0\u00a0 <\/b><\/p>\n<p><i>Reumatol\u00f3giai <\/i>kezel\u00e9seinket aj\u00e1nljuk mindenkinek, akinek mozg\u00e1sszervi betegs\u00e9ge megnehez\u00edti a mindennapjait, akinek m\u0171t\u00e9t, vagy s\u00e9r\u00fcl\u00e9s ut\u00e1ni rehabilit\u00e1ci\u00f3ra van sz\u00fcks\u00e9ge, vagy akinek az \u00e1lland\u00f3 stressz hosszan elny\u00fal\u00f3 izomf\u00e1jdalmat okoz. Rendel\u0151nkben az els\u0151 konzult\u00e1ci\u00f3 sor\u00e1n reumatol\u00f3gus szakorvosunk javaslatot ad a kezel\u00e9sek \u00f6sszet\u00e9tel\u00e9re \u00e9s id\u0151tartam\u00e1ra vonatkoz\u00f3an, valamint a p\u00e1cienssel egyeztetve kialak\u00edtja a kezel\u00e9sek menet\u00e9t. Ak\u00e1r kor\u00e1bbi kezel\u0151orvosi javaslattal \u00e9rkezik, ak\u00e1r csak h\u00e1zi diagn\u00f3zist \u00e1ll\u00edtott fel mag\u00e1nak, a Medh\u00e9v\u00edz reumatol\u00f3gus szakorvosa sz\u00edvesen \u00e1ll rendelkez\u00e9s\u00e9re!<\/p>\n<p><i>Sz\u00e9p\u00e9szeti kezel\u00e9seink<\/i> a test meg\u00faj\u00edt\u00e1s\u00e1ra f\u00f3kusz\u00e1lnak: a kavit\u00e1ci\u00f3s zs\u00edrbont\u00e1s, a r\u00e1di\u00f3frekvenci\u00e1s cellulit kezel\u00e9s, a nyirokdrainage massz\u00e1zs, \u00e9s a k\u00e9zi massz\u00e1zs technik\u00e1ink alkalmaz\u00e1sa mind arra hivatottak, hogy a hozz\u00e1nk l\u00e1togat\u00f3 a lehet\u0151 legjobb form\u00e1ban t\u00e1vozzon szalonunkb\u00f3l. Testkezel\u00e9seink mindenki sz\u00e1m\u00e1ra aj\u00e1nlottak, akik szeretn\u00e9nek megszabadulni a helyi zs\u00edrp\u00e1rn\u00e1ikt\u00f3l, akik hi\u00e1ba k\u00fczdenek h\u00e1zi m\u00f3dszerekkel a narancsb\u0151r ellen \u00e9s aki feszes, karcs\u00fa testre v\u00e1gynak. Oldalunkon b\u0151vebben le\u00edr\u00e1st adunk az egyes g\u00e9pi- \u00e9s k\u00e9zi kezel\u00e9seink menet\u00e9r\u0151l, de egy szem\u00e9lyes konzult\u00e1ci\u00f3t k\u00f6vet\u0151en szakorvosunk seg\u00edt \u00d6nnek megtal\u00e1lni a probl\u00e9m\u00e1j\u00e1nak \u00e9s testalkat\u00e1nak legmegfelel\u0151bb t\u00edpus\u00fa elj\u00e1r\u00e1st.<\/p>\n<p><i>Seb\u00e9szeti mag\u00e1nrendel\u00e9s\u00fcnk\u00f6n<\/i> diagn\u00f3zisok fel\u00e1ll\u00edt\u00e1s\u00e1val, k\u00f3rk\u00e9pek elemz\u00e9s\u00e9vel, a lehets\u00e9ges seb\u00e9szeti megold\u00e1sok konzult\u00e1ci\u00f3s lehet\u0151s\u00e9g\u00e9vel \u00e1llunk rendelkez\u00e9s\u00fckre.<\/p>","protected":false},"excerpt":{"rendered":"<p>A MedH\u00e9v\u00edz Reuma &#038; Beauty Centert az\u00e9rt hoztuk l\u00e9tre, hogy a mag\u00e1norvosi szolg\u00e1ltat\u00e1st keres\u0151 p\u00e1cienseknek professzion\u00e1lis, k\u00e9nyelmes \u00e9s diszkr\u00e9t kezel\u00e9sekkel szolg\u00e1lhassunk. H\u00e9v\u00edz term\u00e9szeti adotts\u00e1gainak k\u00f6sz\u00f6nhet\u0151en \u00e9vente t\u00f6bb t\u00edzezer l\u00e1togat\u00f3 \u00e9rkezik v\u00e1rosunkba, hogy mozgsszervi probl\u00e9m\u00e1it kezeltesse, vagy egyszer\u0171en csak az eg\u00e9szs\u00e9g\u00e9t szem el\u0151tt tartva kapcsol\u00f3djon ki. Minden esetben az a c\u00e9l, hogy a l\u00e1togat\u00f3 \u00fagy t\u00e9rjen [&hellip;]<\/p>\n","protected":false},"author":1,"featured_media":0,"parent":0,"menu_order":0,"comment_status":"open","ping_status":"open","template":"","meta":{"footnotes":""},"_links":{"self":[{"href":"https:\/\/medheviz.hu\/de\/wp-json\/wp\/v2\/pages\/1073"}],"collection":[{"href":"https:\/\/medheviz.hu\/de\/wp-json\/wp\/v2\/pages"}],"about":[{"href":"https:\/\/medheviz.hu\/de\/wp-json\/wp\/v2\/types\/page"}],"author":[{"embeddable":true,"href":"https:\/\/medheviz.hu\/de\/wp-json\/wp\/v2\/users\/1"}],"replies":[{"embeddable":true,"href":"https:\/\/medheviz.hu\/de\/wp-json\/wp\/v2\/comments?post=1073"}],"version-history":[{"count":17,"href":"https:\/\/medheviz.hu\/de\/wp-json\/wp\/v2\/pages\/1073\/revisions"}],"predecessor-version":[{"id":1590,"href":"https:\/\/medheviz.hu\/de\/wp-json\/wp\/v2\/pages\/1073\/revisions\/1590"}],"wp:attachment":[{"href":"https:\/\/medheviz.hu\/de\/wp-json\/wp\/v2\/media?parent=1073"}],"curies":[{"name":"wp","href":"https:\/\/api.w.org\/{rel}","templated":true}]}}