{"id":1075,"date":"2012-11-13T11:00:46","date_gmt":"2012-11-13T10:00:46","guid":{"rendered":"http:\/\/medheviz.hu\/?page_id=1075"},"modified":"2017-06-18T23:51:52","modified_gmt":"2017-06-18T21:51:52","slug":"reumatologia","status":"publish","type":"page","link":"https:\/\/medheviz.hu\/de\/reumatologia\/","title":{"rendered":"Reumatol\u00f3gia"},"content":{"rendered":"<p><strong>H\u00e9v\u00edz, a reumatol\u00f3giai kezel\u00e9sek otthona<\/strong><\/p>\n<p>A H\u00e9v\u00edzi t\u00f3 k\u00fcl\u00f6nleges adotts\u00e1gainak k\u00f6sz\u00f6nhet\u0151en \u00e9vsz\u00e1zadok \u00f3ta az egyik legkedveltebb eg\u00e9szs\u00e9gturisztikai k\u00f6zpont Eur\u00f3p\u00e1ban. A v\u00e1rosba l\u00e1togat\u00f3 pihenni v\u00e1gy\u00f3k sok esetben orvosi javallatra f\u00fcrd\u0151znek a t\u00f3 viz\u00e9ben \u00e9s l\u00e1togatnak el a helyi mag\u00e1nrendel\u0151kbe.<\/p>\n<p>A h\u00e9v\u00edzi k\u00fara javasolt id\u0151tartama 2 h\u00e9t, term\u00e9szetesen enn\u00e9l r\u00f6videbb vagy hosszabb idej\u0171 k\u00fara ig\u00e9nybev\u00e9tele is jellemz\u0151 a vend\u00e9gek k\u00f6r\u00e9ben. Az egy-vagy t\u00f6bbhetes tradicion\u00e1lis h\u00e9v\u00edzi gy\u00f3gyk\u00fara a szakorvosi, \u00e1ltal\u00e1ban reumatol\u00f3gus vizsg\u00e1lattal kezd\u0151ik, amit azt\u00e1n kiv\u00e1l\u00f3 szakemberek \u00e1ltal v\u00e9gzett kezel\u00e9sek ig\u00e9nybev\u00e9tele k\u00f6vetkezik.<br \/>\nH\u00e9v\u00edz ter\u00e1pi\u00e1s kezel\u00e9sei k\u00f6z\u00f6tt a mechano-, balneo- \u00e9s fizikoter\u00e1pi\u00e1s kezel\u00e9sek min-mind megtal\u00e1lhat\u00f3ak \u00e9s egy\u00fcttes alkalmaz\u00e1suk komplexen fejti ki hat\u00e1sukat.<\/p>\n<p><strong>Javallat (indik\u00e1ci\u00f3)<\/strong><\/p>\n<p>* Reum\u00e1s mozg\u00e1sszervi panaszok minden degenerat\u00edv kop\u00e1sos, meszesed\u00e9ses t\u00edpusa (arthrosisok, a csigolya-, szalagrendszer-, kis \u00edz\u00fcleti \u00e9s porckorongprobl\u00e9m\u00e1k &#8211; spondylosis, spondylartrosis, discopathia).<br \/>\n* Gyullad\u00e1sos iz\u00fcleti \u00e9s gerincbetegs\u00e9gek nyugalmi st\u00e1diumban (arthritis, poliarthritis, pl. PCP, spondylarthritis, pl.: Bechterew-k\u00f3r). A cs\u00fazos megbeteged\u00e9sekre csak akkor hat, ha a heveny \u00e1llapot m\u00e1r lezajlott. Az id\u00fclt iz\u00fcleti megbeteged\u00e9sek t\u00fcnetei viszont hat\u00e1sosan enyh\u00edthet\u0151k.<br \/>\n* K\u00f6t\u0151sz\u00f6veti reuma (izom-, \u00ednszalagok megbeteged\u00e9sei).<br \/>\n* M\u00e1sodlagos iz\u00fcleti betegs\u00e9gek, anyagcserezavarokhoz t\u00e1rsul\u00f3 iz\u00fcleti panaszok (pl. k\u00f6szv\u00e9ny)<br \/>\n* Bels\u0151 elv\u00e1laszt\u00e1s\u00fa mirigyek zavara.<br \/>\n* B\u0151rbetegs\u00e9gekhez t\u00e1rsul\u00f3 iz\u00fcleti gyullad\u00e1sok (pl. psoriasishoz t\u00e1rsul\u00f3 \u00edz\u00fcleti \u00e9s gerincv\u00e1ltoz\u00e1s).<br \/>\n* T\u00f6r\u00e9sek, baleseti s\u00e9r\u00fcl\u00e9sek, mozg\u00e1sszervi m\u0171t\u00e9tek ut\u00e1ni \u00e1llapot (els\u0151sorban v\u00e9gtagt\u00f6r\u00e9sek) rehabilit\u00e1ci\u00f3ra alkalmas st\u00e1diumban.<br \/>\n* Kr\u00f3nikus, perif\u00e9ri\u00e1s idegrendszert \u00e9rint\u0151, els\u0151sorban mechanikai okokra visszavezethet\u0151 b\u00e1ntalmak (pl. ischialgia, polyneuropathia, paresis).<br \/>\n* Iz\u00fcleti m\u0171t\u00e9tek el\u0151- \u00e9s ut\u00f3kezel\u00e9se, porckorongm\u0171t\u00e9t (s\u00e9rv &#8211; discus hernia) ut\u00f3kezel\u00e9se.<br \/>\n\u2022 Kr\u00f3nikus n\u0151gy\u00f3gy\u00e1szati betegs\u00e9gek.<\/p>\n<h4>Gy\u00f3gymassz\u00e1zs,<br \/>\nH\u00e9v\u00edz szakorvosai a hagyom\u00e1nyos ter\u00e1pi\u00e1s kezel\u00e9sekb\u0151l \u00e1ll\u00f3 k\u00far\u00e1k egyik f\u0151 elemek\u00e9nt \u2013 a f\u00fcrd\u0151k\u00fara mellett &#8211; gy\u00f3gymassz\u00e1zsokat javasolj\u00e1k a vend\u00e9geknek. A gy\u00f3gymassz\u00e1zs nem k\u00e9nyeztet\u0151 wellness massz\u00e1zs. Gy\u00f3gy\u00edt\u00f3 ereje a relax\u00e1l\u00e1sn\u00e1l sokkal fontosabb t\u00e9nyez\u0151.<\/h4>\n<p>A gy\u00f3gymassz\u00e1zsok k\u00f6z\u00e9 sorolj\u00e1k a sv\u00e9d, reflex-z\u00f3na (szegment, k\u00f6t\u0151sz\u00f6veti, perioszte\u00e1lis), nyirok-, sport-, \u00e9s friss\u00edt\u0151 massz\u00e1zsokat.<br \/>\nA klasszikus sv\u00e9d massz\u00e1zs az eg\u00e9sz testre kiterjed\u0151, az izmok, az inak, \u00e9s az \u00edz\u00fcletek \u00e1tmassz\u00edroz\u00e1s\u00e1ra ir\u00e1nyul\u00f3 massz\u00e1zst\u00edpus. Jav\u00edtja a mozg\u00e1sfunkci\u00f3k m\u0171k\u00f6d\u00e9s\u00e9t, ellaz\u00edtja a f\u00e1jdalmasan g\u00f6rcs\u00f6s, fesz\u00fclt izmokat.<\/p>\n<p>A talpreflexz\u00f3na massz\u00e1zs stimul\u00e1lja a reflexpontokat. Ezek a pontok idegp\u00e1ly\u00e1kon kapcsol\u00f3dnak a k\u00f6zponti idegrendszer reflexk\u00f6zpontj\u00e1hoz.<\/p>\n<p>Mindezeken k\u00edv\u00fcl a szolg\u00e1ltat\u00e1spaletta kiterjed m\u00e9g a nyirokmassz\u00e1zsra, a sportmassz\u00e1zsra, \u00e9s a friss\u00edt\u0151 massz\u00e1zsokra.<\/p>","protected":false},"excerpt":{"rendered":"<p>H\u00e9v\u00edz, a reumatol\u00f3giai kezel\u00e9sek otthona A H\u00e9v\u00edzi t\u00f3 k\u00fcl\u00f6nleges adotts\u00e1gainak k\u00f6sz\u00f6nhet\u0151en \u00e9vsz\u00e1zadok \u00f3ta az egyik legkedveltebb eg\u00e9szs\u00e9gturisztikai k\u00f6zpont Eur\u00f3p\u00e1ban. A v\u00e1rosba l\u00e1togat\u00f3 pihenni v\u00e1gy\u00f3k sok esetben orvosi javallatra f\u00fcrd\u0151znek a t\u00f3 viz\u00e9ben \u00e9s l\u00e1togatnak el a helyi mag\u00e1nrendel\u0151kbe. A h\u00e9v\u00edzi k\u00fara javasolt id\u0151tartama 2 h\u00e9t, term\u00e9szetesen enn\u00e9l r\u00f6videbb vagy hosszabb idej\u0171 k\u00fara ig\u00e9nybev\u00e9tele is jellemz\u0151 [&hellip;]<\/p>\n","protected":false},"author":1,"featured_media":1190,"parent":0,"menu_order":0,"comment_status":"open","ping_status":"open","template":"","meta":{"footnotes":""},"_links":{"self":[{"href":"https:\/\/medheviz.hu\/de\/wp-json\/wp\/v2\/pages\/1075"}],"collection":[{"href":"https:\/\/medheviz.hu\/de\/wp-json\/wp\/v2\/pages"}],"about":[{"href":"https:\/\/medheviz.hu\/de\/wp-json\/wp\/v2\/types\/page"}],"author":[{"embeddable":true,"href":"https:\/\/medheviz.hu\/de\/wp-json\/wp\/v2\/users\/1"}],"replies":[{"embeddable":true,"href":"https:\/\/medheviz.hu\/de\/wp-json\/wp\/v2\/comments?post=1075"}],"version-history":[{"count":22,"href":"https:\/\/medheviz.hu\/de\/wp-json\/wp\/v2\/pages\/1075\/revisions"}],"predecessor-version":[{"id":1508,"href":"https:\/\/medheviz.hu\/de\/wp-json\/wp\/v2\/pages\/1075\/revisions\/1508"}],"wp:featuredmedia":[{"embeddable":true,"href":"https:\/\/medheviz.hu\/de\/wp-json\/wp\/v2\/media\/1190"}],"wp:attachment":[{"href":"https:\/\/medheviz.hu\/de\/wp-json\/wp\/v2\/media?parent=1075"}],"curies":[{"name":"wp","href":"https:\/\/api.w.org\/{rel}","templated":true}]}}