{"id":1077,"date":"2012-11-13T12:00:55","date_gmt":"2012-11-13T11:00:55","guid":{"rendered":"http:\/\/medheviz.hu\/?page_id=1077"},"modified":"2023-10-21T12:50:04","modified_gmt":"2023-10-21T10:50:04","slug":"beauty","status":"publish","type":"page","link":"https:\/\/medheviz.hu\/de\/beauty\/","title":{"rendered":"Beauty"},"content":{"rendered":"<p>A <strong>MedH\u00e9v\u00edz Rema Medical &#038; Beauty Center<\/strong> Beauty r\u00e9szleg\u00e9t az\u00e9rt hoztuk l\u00e9tre, mert \u00fagy gondoljuk, az eg\u00e9szs\u00e9ges test mellett a sz\u00e9p \u00e9s fitt k\u00fcls\u0151 is fontos r\u00e9sze a kiegyens\u00falyozott h\u00e9tk\u00f6znapoknak.<\/p>\n<p>G\u00e9pi- \u00e9s k\u00e9zi testkezel\u00e9seink hat\u00e9kony \u00e9s gyors seg\u00edts\u00e9get ny\u00fajtanak a lok\u00e1lis zs\u00edrp\u00e1rn\u00e1k elt\u00fcntet\u00e9s\u00e9ben, a cellulitisz felsz\u00e1mol\u00e1s\u00e1ban, egy\u00fattal\u00a0 a feszes \u00e9s t\u00f3nusos test kialak\u00edt\u00e1s\u00e1ban.<\/p>\n<p>Sz\u00e9p\u00e9szeti kezel\u00e9seink a test meg\u00faj\u00edt\u00e1s\u00e1ra f\u00f3kusz\u00e1lnak: a kavit\u00e1ci\u00f3s zs\u00edrbont\u00e1s, a r\u00e1di\u00f3frekvenci\u00e1s cellulit kezel\u00e9s, a nyirokdrainage massz\u00e1zs, \u00e9s a k\u00e9zi massz\u00e1zstechnik\u00e1ink alkalmaz\u00e1sa mind arra hivatottak, hogy a hozz\u00e1nk l\u00e1togat\u00f3 a lehet\u0151 legjobb form\u00e1ban t\u00e1vozzon szalonunkb\u00f3l. Testkezel\u00e9seink mindenki sz\u00e1m\u00e1ra aj\u00e1nlottak, akik szeretn\u00e9nek megszabadulni a helyi zs\u00edrp\u00e1rn\u00e1ikt\u00f3l, akik hi\u00e1ba k\u00fczdenek h\u00e1zi m\u00f3dszerekkel a narancsb\u0151r ellen \u00e9s akik feszes, karcs\u00fa testre v\u00e1gynak.<\/p>\n<p>Szalonunkban orvosi fel\u00fcgyelet mellett v\u00e9gezz\u00fck a g\u00e9pi- \u00e9s k\u00e9zi kezel\u00e9seket, \u00edgy amellett, hogy hat\u00e9kony zs\u00edrbont\u00f3 kezel\u00e9sben r\u00e9szes\u00fcl, az eg\u00e9szs\u00e9ge is maxim\u00e1lis figyelmet kap.<\/p>","protected":false},"excerpt":{"rendered":"<p>A MedH\u00e9v\u00edz Rema Medical &#038; Beauty Center Beauty r\u00e9szleg\u00e9t az\u00e9rt hoztuk l\u00e9tre, mert \u00fagy gondoljuk, az eg\u00e9szs\u00e9ges test mellett a sz\u00e9p \u00e9s fitt k\u00fcls\u0151 is fontos r\u00e9sze a kiegyens\u00falyozott h\u00e9tk\u00f6znapoknak. G\u00e9pi- \u00e9s k\u00e9zi testkezel\u00e9seink hat\u00e9kony \u00e9s gyors seg\u00edts\u00e9get ny\u00fajtanak a lok\u00e1lis zs\u00edrp\u00e1rn\u00e1k elt\u00fcntet\u00e9s\u00e9ben, a cellulitisz felsz\u00e1mol\u00e1s\u00e1ban, egy\u00fattal\u00a0 a feszes \u00e9s t\u00f3nusos test kialak\u00edt\u00e1s\u00e1ban. Sz\u00e9p\u00e9szeti kezel\u00e9seink [&hellip;]<\/p>\n","protected":false},"author":1,"featured_media":1189,"parent":0,"menu_order":0,"comment_status":"open","ping_status":"open","template":"","meta":{"footnotes":""},"_links":{"self":[{"href":"https:\/\/medheviz.hu\/de\/wp-json\/wp\/v2\/pages\/1077"}],"collection":[{"href":"https:\/\/medheviz.hu\/de\/wp-json\/wp\/v2\/pages"}],"about":[{"href":"https:\/\/medheviz.hu\/de\/wp-json\/wp\/v2\/types\/page"}],"author":[{"embeddable":true,"href":"https:\/\/medheviz.hu\/de\/wp-json\/wp\/v2\/users\/1"}],"replies":[{"embeddable":true,"href":"https:\/\/medheviz.hu\/de\/wp-json\/wp\/v2\/comments?post=1077"}],"version-history":[{"count":31,"href":"https:\/\/medheviz.hu\/de\/wp-json\/wp\/v2\/pages\/1077\/revisions"}],"predecessor-version":[{"id":1592,"href":"https:\/\/medheviz.hu\/de\/wp-json\/wp\/v2\/pages\/1077\/revisions\/1592"}],"wp:featuredmedia":[{"embeddable":true,"href":"https:\/\/medheviz.hu\/de\/wp-json\/wp\/v2\/media\/1189"}],"wp:attachment":[{"href":"https:\/\/medheviz.hu\/de\/wp-json\/wp\/v2\/media?parent=1077"}],"curies":[{"name":"wp","href":"https:\/\/api.w.org\/{rel}","templated":true}]}}