{"id":1199,"date":"2013-01-20T15:42:20","date_gmt":"2013-01-20T14:42:20","guid":{"rendered":"http:\/\/medheviz.hu\/?page_id=1199"},"modified":"2017-06-25T12:45:32","modified_gmt":"2017-06-25T10:45:32","slug":"kavitacios-alakformalas","status":"publish","type":"page","link":"https:\/\/medheviz.hu\/de\/beauty\/kavitacios-alakformalas\/","title":{"rendered":"Kavit\u00e1ci\u00f3s alakform\u00e1l\u00e1s"},"content":{"rendered":"<p>Mi is a kavit\u00e1ci\u00f3? Alternat\u00edva a m\u0171t\u00e9ti \u00faton t\u00f6rt\u00e9n\u0151 zs\u00edrlesz\u00edv\u00e1sra. A fejlett alakform\u00e1l\u00f3 kezel\u00e9s a legeredm\u00e9ynesebb hat\u00e1st ny\u00fajta a zs\u00edr \u00e9s narancsb\u0151r cs\u00f6kkent\u00e9s\u00e9ben, non-invaz\u00edv (azaz a b\u0151rfelsz\u00edn megs\u00e9rt\u00e9se \u2013sz\u00far\u00e1s, v\u00e1g\u00e1s- n\u00e9lk\u00fcli) m\u00f3don.<\/p>\n<p>A kavit\u00e1ci\u00f3 sor\u00e1n az ultrahang hull\u00e1mai sz\u00e9trombolj\u00e1k a zs\u00edrsejteket m\u00e9g a m\u00e9lyebb r\u00e9tegekben is. Rendk\u00edv\u00fcl j\u00f3l m\u0171k\u00f6dik a nehezen form\u00e1zhat\u00f3 ter\u00fcleteken.<\/p>\n<p>A kavit\u00e1ci\u00f3 haszn\u00e1lat\u00e1hoz nem sz\u00fcks\u00e9ges f\u00e1jdalomcsillap\u00edt\u00e1s, vagy b\u00e1rmilyen m\u00e1s el\u0151k\u00e9sz\u00fclet, ez\u00e1ltal azonnal visszat\u00e9rhet a megszokott \u00e9letm\u00f3dj\u00e1hoz a kavit\u00e1ci\u00f3s kezel\u00e9s befejezt\u00e9vel<\/p>\n<p>A kavit\u00e1ci\u00f3s zs\u00edrbont\u00e1s alapja egy fizikai jelens\u00e9g, mely akkor k\u00f6vetkezik be, ha egy anyag folyad\u00e9k f\u00e1zisb\u00f3l, nyom\u00e1s es\u00e9se k\u00f6vetkezt\u00e9ben, hirtelen g\u00e1z f\u00e1zisba megy \u00e1t. A kozmetikai \u00e9s orvosi kezel\u00e9sekn\u00e9l a kavit\u00e1ci\u00f3 egy az ultrahang hull\u00e1mok \u00e1ltal kifejtett hat\u00e1s, mely hull\u00e1mok seci\u00e1lis frekvenci\u00e1n ker\u00fclnek kibocs\u00e1t\u00e1sra.<\/p>\n<p><strong>Mi a k\u00fcl\u00f6nbs\u00e9g a kavit\u00e1ci\u00f3 \u00e9s egy\u00e9b testkezel\u0151 elj\u00e1r\u00e1sok k\u00f6z\u00f6tt?<\/strong><br \/>\nA kavit\u00e1ci\u00f3 term\u00e9szet\u00e9n\u00e9l fogva, egy alacsony frekvenci\u00e1j\u00fa ultrahang hull\u00e1m, mely k\u00e9pes sz\u00e9trobbantani a keletkezett zs\u00edrsejteket.<br \/>\nA hull\u00e1m kibocs\u00e1t\u00e1sa tulajdonk\u00e9ppen egy inger, mely a mechanikus rezg\u00e9ssel rendelkez\u0151 testben keletkezik, \u00e9s hanghull\u00e1m form\u00e1j\u00e1ban terjed a leveg\u0151n kereszt\u00fcl, megk\u00f6zel\u00edt\u0151leg 340m\u00e9ter\/secundum sebess\u00e9ggel. Az ultrahangok teh\u00e1t az anyag mechanikus rezg\u00e9se, a k\u00f6zeg s\u0171r\u0171s\u00f6d\u00e9se \u00e9s ritkul\u00e1sa sor\u00e1n keletkeznek, hull\u00e1mmozg\u00e1ssal terjednek, meghat\u00e1rozott sebess\u00e9ggel az \u0151ket l\u00e9trehoz\u00f3 gener\u00e1tor ir\u00e1ny\u00e1b\u00f3l.<br \/>\nTest\u00fcnk sz\u00f6vetei nem teljes m\u00e9rt\u00e9kben rugalmasak, ez\u00e9rt ellen\u00e1ll\u00e1st fejtenek ki a t\u00falnyom\u00e1ssal szemben. Ebben az esetben a mechanikus hat\u00e1s ellen h\u0151 keletkezik, ebb\u0151l alakul ki a v\u00e9rb\u0151s\u00e9g. Enyhe b\u0151rp\u00edr jelentkezik a test fel\u00fclet\u00e9n.<br \/>\nSonofor\u00e9zis hat\u00e1sa: a k\u00e9miai (nyirokkering\u00e9st el\u0151seg\u00edt\u0151) \u00e9s meleg\u00a0 hat\u00e1soknak k\u00f6sz\u00f6nhet\u0151en a b\u0151r r\u00e9tegeibe kozmetikai, vagy orvosi\u00a0 hat\u00f3anyagot juttathatunk , ez a sonofor\u00e9zis.<br \/>\nKavit\u00e1ci\u00f3s ultrahang alacsony frekvenci\u00e1j\u00fa a szervezet bels\u0151 hangtartom\u00e1nya \u00e9rz\u00e9keli a kor\u00e1bbi\u00a0 elj\u00e1r\u00e1sokkal ellent\u00e9tben nem a b\u0151rfelsz\u00ednen, hanem a zs\u00edrsz\u00f6vetek szintj\u00e9n fejti ki hat\u00e1s\u00e1t, ez\u00e9rt a zs\u00edrsejteket sz\u00e9trobbantja, de m\u00e1s szervek k\u00e1rosod\u00e1s\u00e1t nem id\u00e9zi el\u0151.<br \/>\n\u00cdgy lehet\u0151v\u00e9 v\u00e1lik a specifikus sz\u00f6veti roncsol\u00e1s, ami azt jelenti, hogy a zs\u00edrsejtek roncsol\u00f3dnak, de a v\u00e9rerek, a perif\u00e9ri\u00e1s idegek, a b\u0151r, az izmok, \u00e9s a k\u00f6t\u0151sz\u00f6vet, melyben az ultrahangot f\u00f3kusz\u00e1ljuk, illetve a k\u00f6rnyez\u0151 sz\u00f6vetek, mind-mind \u00e9rintetlen maradnak.<br \/>\n<strong>Hogyan t\u00f6rt\u00e9nik a kavit\u00e1ci\u00f3s kezel\u00e9s?<\/strong><\/p>\n<p>A kezel\u00e9s elej\u00e9n \u00e1llapotfelm\u00e9r\u00e9st v\u00e9gz\u00fcnk. Megbesz\u00e9lj\u00fck a vend\u00e9ggel melyek a kezelni k\u00edv\u00e1nt ter\u00fcletek,illetve milyen \u00f3vint\u00e9zked\u00e9seket kell betartani a megfelel\u0151 eredm\u00e9ny el\u00e9r\u00e9s\u00e9hez.<br \/>\nMinden esetben a kozmetikus, kezel\u00e9st v\u00e9gz\u0151 szakember \u00e1ll\u00edtja be a g\u00e9p kezel\u00e9si tartom\u00e1ny\u00e1t, amely f\u00fcgg a vend\u00e9g testalkat\u00e1t\u00f3l, a zs\u00edrsz\u00f6vet vastags\u00e1g\u00e1t\u00f3l, valamint a kezelend\u0151 fel\u00fclett\u0151l.<br \/>\nMinimum 3,5 liter folyad\u00e9k(v\u00edz, tea) meg kell inni naponta, ellenkez\u0151 esetben nem indul be az a szint\u0171 anyagcsere folyamat, amely sz\u00fcks\u00e9ges a k\u00edv\u00e1nt eredm\u00e9ny el\u00e9r\u00e9s\u00e9hez.<br \/>\nEl\u0151nye: hely specifikusan dolgozunk, ez\u00e9rt kiz\u00e1r\u00f3lag a k\u00edv\u00e1nt ter\u00fclet m\u00e9ret\u00e9t cs\u00f6kkenthetj\u00fck.<br \/>\nAki nem k\u00e9pes meginni legal\u00e1bb 3 liter folyad\u00e9kot,\u00a0 nem fogja el\u00e9rni a k\u00edv\u00e1nt hat\u00e1st, mert nem indulnak be azok a k\u00e9miai folyamatok a szervezetben, amely a nyirok\u00e1ram seg\u00edts\u00e9g\u00e9vel t\u00e1voznak a szervezetb\u0151l a m\u00e9reganyagok.<\/p>\n<p><strong>A kavit\u00e1ci\u00f3s kezel\u00e9s el\u0151nyei:<\/strong><\/p>\n<p>-nem f\u00e1jdalmas, nem j\u00e1r semmilyen seb\u00e9szeti beavatkoz\u00e1ssal<br \/>\n-nem kell altat\u00e1s, \u00e9rz\u00e9stelen\u00edt\u00e9s<br \/>\n-\u00e1ltal\u00e1nos kor\u00e1bban haszn\u00e1lt kezel\u00e9sekkel szemben a zs\u00edrsejtek hossz\u00fa t\u00e1von t\u00e1voznak a szervezetb\u0151l, tart\u00f3s m\u00e9retcs\u00f6kken\u00e9s v\u00e1rhat\u00f3<br \/>\n-nincs gyullad\u00e1s, kezel\u00e9s ut\u00e1ni l\u00e1badoz\u00e1si id\u0151<\/p>\n<p><strong>Javasolt kezel\u00e9si ter\u00fcletek:<\/strong><\/p>\n<p>-has<br \/>\n-comb<br \/>\n-fen\u00e9k<br \/>\n-felkar<br \/>\nHa betartja a vend\u00e9g a kor\u00e1bban eml\u00edtett kezel\u00e9si \u00e9s \u00e9tkez\u00e9si \u00fatmutat\u00f3kat,ak\u00e1r t\u00f6bb 10cm ker\u00fclet cs\u00f6kkent\u00e9st is el\u00e9rhet\u00fcnk.<br \/>\nA kavit\u00e1ci\u00f3s kezel\u00e9s els\u0151sorban alakform\u00e1l\u00f3 kezel\u00e9s, ez\u00e9rt nem kil\u00f3ban v\u00e1rhat\u00f3 a m\u00e9retcs\u00f6kken\u00e9s, hanem test ker\u00fcletben.<br \/>\nMinden kezel\u00e9s ut\u00e1n g\u00e9pi vagy k\u00e9zi nyirokmassz\u00e1zs javasolt, esetleg hull\u00e1mmassz\u00e1zs g\u00e9p haszn\u00e1lata, a felhalmoz\u00f3dott\u00a0 zs\u00edrok m\u00e9reganyagok t\u00e1voz\u00e1sa \u00e9rdek\u00e9ben.<\/p>\n<p><strong>Elenjavallatok a kavit\u00e1ci\u00f3s zs\u00edrbont\u00e1s sor\u00e1n:<\/strong><\/p>\n<p>-art\u00e9ri\u00e1s magas v\u00e9rnyom\u00e1s, nagyobb fok\u00fa sz\u00edvbetegs\u00e9g,<br \/>\n-sebek, m\u00e1jm\u0171k\u00f6d\u00e9s el\u00e9gtelens\u00e9ge, vesem\u0171k\u00f6d\u00e9s el\u00e9gtelens\u00e9ge,<br \/>\n-daganatos megbeteged\u00e9s, nem kezelt cukorbetegs\u00e9g, pace-maker, sz\u00edvizom betegs\u00e9g.<\/p>","protected":false},"excerpt":{"rendered":"<p>Mi is a kavit\u00e1ci\u00f3? Alternat\u00edva a m\u0171t\u00e9ti \u00faton t\u00f6rt\u00e9n\u0151 zs\u00edrlesz\u00edv\u00e1sra. A fejlett alakform\u00e1l\u00f3 kezel\u00e9s a legeredm\u00e9ynesebb hat\u00e1st ny\u00fajta a zs\u00edr \u00e9s narancsb\u0151r cs\u00f6kkent\u00e9s\u00e9ben, non-invaz\u00edv (azaz a b\u0151rfelsz\u00edn megs\u00e9rt\u00e9se \u2013sz\u00far\u00e1s, v\u00e1g\u00e1s- n\u00e9lk\u00fcli) m\u00f3don. A kavit\u00e1ci\u00f3 sor\u00e1n az ultrahang hull\u00e1mai sz\u00e9trombolj\u00e1k a zs\u00edrsejteket m\u00e9g a m\u00e9lyebb r\u00e9tegekben is. Rendk\u00edv\u00fcl j\u00f3l m\u0171k\u00f6dik a nehezen form\u00e1zhat\u00f3 ter\u00fcleteken. A kavit\u00e1ci\u00f3 [&hellip;]<\/p>\n","protected":false},"author":5,"featured_media":0,"parent":1077,"menu_order":1,"comment_status":"open","ping_status":"closed","template":"","meta":{"footnotes":""},"_links":{"self":[{"href":"https:\/\/medheviz.hu\/de\/wp-json\/wp\/v2\/pages\/1199"}],"collection":[{"href":"https:\/\/medheviz.hu\/de\/wp-json\/wp\/v2\/pages"}],"about":[{"href":"https:\/\/medheviz.hu\/de\/wp-json\/wp\/v2\/types\/page"}],"author":[{"embeddable":true,"href":"https:\/\/medheviz.hu\/de\/wp-json\/wp\/v2\/users\/5"}],"replies":[{"embeddable":true,"href":"https:\/\/medheviz.hu\/de\/wp-json\/wp\/v2\/comments?post=1199"}],"version-history":[{"count":14,"href":"https:\/\/medheviz.hu\/de\/wp-json\/wp\/v2\/pages\/1199\/revisions"}],"predecessor-version":[{"id":1575,"href":"https:\/\/medheviz.hu\/de\/wp-json\/wp\/v2\/pages\/1199\/revisions\/1575"}],"up":[{"embeddable":true,"href":"https:\/\/medheviz.hu\/de\/wp-json\/wp\/v2\/pages\/1077"}],"wp:attachment":[{"href":"https:\/\/medheviz.hu\/de\/wp-json\/wp\/v2\/media?parent=1199"}],"curies":[{"name":"wp","href":"https:\/\/api.w.org\/{rel}","templated":true}]}}