{"id":1209,"date":"2013-01-20T16:17:43","date_gmt":"2013-01-20T15:17:43","guid":{"rendered":"http:\/\/medheviz.hu\/?page_id=1209"},"modified":"2017-06-25T12:44:46","modified_gmt":"2017-06-25T10:44:46","slug":"radiofrekvencias-cellulit-kezeles","status":"publish","type":"page","link":"https:\/\/medheviz.hu\/de\/beauty\/radiofrekvencias-cellulit-kezeles\/","title":{"rendered":"R\u00e1di\u00f3frekvenci\u00e1s cellulit kezel\u00e9s"},"content":{"rendered":"<p><b>R\u00e1di\u00f3frekvenci\u00e1s cellulit kezel\u00e9s<\/b><br \/>\nIgazi \u00e1tt\u00f6r\u00e9st a celullit elleni harcban a r\u00e1di\u00f3frekvencia jelent. A r\u00e1di\u00f3frekvencia hat\u00e1s\u00e1ra a pol\u00e1ris v\u00edzmolekula a negat\u00edv \u00e9s pozit\u00edv p\u00f3lus k\u00f6z\u00f6tt t\u00f6bb, mint 40 milli\u00f3szor, mozdul el. A mozg\u00e1s h\u0151hat\u00e1ssal j\u00e1r, ami a kollag\u00e9n \u00e9s elasztikus rostokat fokozott oszt\u00f3d\u00e1sra serkenti. A r\u00e1di\u00f3frekvencia hat\u00e1sa \u00e9ppen ez\u00e9rt kett\u0151s, mert a h\u0151hat\u00e1s r\u00e9v\u00e9n zs\u00edrmobiliz\u00e1l\u00e1st, a kollag\u00e9n \u00e9s elasztikus rostok fokozott termel\u0151d\u00e9se r\u00e9v\u00e9n, pedig b\u0151rfeszes\u00edt\u00e9st \u00e9rhet\u00fcnk el egyszerre. \u00cdgy nem csak a zs\u00edrp\u00e1rn\u00e1k t\u0171nnek el, hanem a kezelt fel\u00fclet feszes is lesz. A kezel\u00e9s kellemes meleg massz\u00e1zshoz hasonl\u00edt, f\u00e1jdalommentes, ter\u00fclett\u0151l f\u00fcgg\u0151en \u00e1ltal\u00e1ban 30-60 percig tart.<\/p>\n<p>A kezel\u00e9s hat\u00e1s\u00e1ra j\u00f3l l\u00e1that\u00f3an cs\u00f6kkenek a zs\u00edrp\u00e1rn\u00e1k, feszesebb, rugalmasabb lesz a b\u0151r, a r\u00e1ncok kisimulnak, a laza megereszkedett b\u0151rnek tart\u00e1sa lesz. Cs\u00f6kken a cellulit (narancsb\u0151r) mivel a megnagyobbodott, salakanyagos zs\u00edrsejtek m\u00e9rete cs\u00f6kken, a b\u0151r strukt\u00far\u00e1ja megfiatalodik, a fel\u00fcleti \u00e9s m\u00e9ly r\u00e1ncok elt\u0171nnek.<\/p>\n<p>A r\u00e1di\u00f3frekvenci\u00e1s ultrahangos zs\u00edrbont\u00e1s el\u0151nyei:<\/p>\n<ul>\n<li>fokozza az anyagcser\u00e9t<\/li>\n<li>jav\u00edtja a v\u00e9rkering\u00e9st<\/li>\n<li>fokozza a kollag\u00e9n termel\u00e9s<\/li>\n<li>m\u00e9regtelen\u00edt azaz salaktalan\u00edt<\/li>\n<li>n\u00f6veli azimmunrendszer aktivit\u00e1s\u00e1t<\/li>\n<li>cs\u00f6kkenti a zs\u00edrsejtek k\u00f6rm\u00e9ret\u00e9t<\/li>\n<li>cs\u00f6kken a zs\u00edrsz\u00e1zal\u00e9k \u00e9s vele egy\u00fctt a m\u00e9reganyag tartalom is<\/li>\n<li>cellulit cs\u00f6kken\u00e9se<\/li>\n<li>k\u00f6rm\u00e9ret, konfekci\u00f3 m\u00e9ret cs\u00f6kken\u00e9s<\/li>\n<li>b\u0151r feszes\u00edt\u00e9s<\/li>\n<li>lok\u00e1lis fogyaszt\u00e1s<\/li>\n<li>r\u00e1ncok kisimit\u00e1sa<\/li>\n<li>megereszkedett b\u0151r jav\u00edt\u00e1sa<\/li>\n<\/ul>\n<p>A r\u00e1di\u00f3frekvenci\u00e1s ultrahangos zs\u00edrbont\u00e1s kezel\u00e9s ellenjavallatai:<\/p>\n<ul>\n<li>pacemaker, illetve f\u00e9m implant\u00e1tum<\/li>\n<li>magas v\u00e9rnyom\u00e1s, ha nincs kezelve<\/li>\n<li>zs\u00edrlesz\u00edv\u00e1s ut\u00e1n (jav\u00edthat\u00f3 m\u00e1s kezel\u00e9ssel, majd j\u00f6het ez a kezel\u00e9s)<\/li>\n<li>terhess\u00e9g illetve szoptat\u00e1s<\/li>\n<li>pajzsmirigy t\u00faltermel\u00e9s<\/li>\n<li>fert\u0151z\u0151 b\u0151rbetegs\u00e9gek<\/li>\n<li>lass\u00fa, rossz nyirokkering\u00e9s (jav\u00edthat\u00f3 m\u00e1s kezel\u00e9ssel, majd j\u00f6het ez a kezel\u00e9s)<\/li>\n<\/ul>\n<p>A radiofrekvenci\u00e1s ultrahangos zs\u00edrbont\u00e1s hat\u00e9konys\u00e1g\u00e1nak n\u00f6vel\u00e9se \u00e9rdek\u00e9ben a napi 2-3 liter folyad\u00e9k is sz\u00fcks\u00e9ges.<\/p>","protected":false},"excerpt":{"rendered":"<p>R\u00e1di\u00f3frekvenci\u00e1s cellulit kezel\u00e9s Igazi \u00e1tt\u00f6r\u00e9st a celullit elleni harcban a r\u00e1di\u00f3frekvencia jelent. A r\u00e1di\u00f3frekvencia hat\u00e1s\u00e1ra a pol\u00e1ris v\u00edzmolekula a negat\u00edv \u00e9s pozit\u00edv p\u00f3lus k\u00f6z\u00f6tt t\u00f6bb, mint 40 milli\u00f3szor, mozdul el. A mozg\u00e1s h\u0151hat\u00e1ssal j\u00e1r, ami a kollag\u00e9n \u00e9s elasztikus rostokat fokozott oszt\u00f3d\u00e1sra serkenti. A r\u00e1di\u00f3frekvencia hat\u00e1sa \u00e9ppen ez\u00e9rt kett\u0151s, mert a h\u0151hat\u00e1s r\u00e9v\u00e9n zs\u00edrmobiliz\u00e1l\u00e1st, a [&hellip;]<\/p>\n","protected":false},"author":5,"featured_media":0,"parent":1077,"menu_order":0,"comment_status":"open","ping_status":"open","template":"","meta":{"footnotes":""},"_links":{"self":[{"href":"https:\/\/medheviz.hu\/de\/wp-json\/wp\/v2\/pages\/1209"}],"collection":[{"href":"https:\/\/medheviz.hu\/de\/wp-json\/wp\/v2\/pages"}],"about":[{"href":"https:\/\/medheviz.hu\/de\/wp-json\/wp\/v2\/types\/page"}],"author":[{"embeddable":true,"href":"https:\/\/medheviz.hu\/de\/wp-json\/wp\/v2\/users\/5"}],"replies":[{"embeddable":true,"href":"https:\/\/medheviz.hu\/de\/wp-json\/wp\/v2\/comments?post=1209"}],"version-history":[{"count":9,"href":"https:\/\/medheviz.hu\/de\/wp-json\/wp\/v2\/pages\/1209\/revisions"}],"predecessor-version":[{"id":1574,"href":"https:\/\/medheviz.hu\/de\/wp-json\/wp\/v2\/pages\/1209\/revisions\/1574"}],"up":[{"embeddable":true,"href":"https:\/\/medheviz.hu\/de\/wp-json\/wp\/v2\/pages\/1077"}],"wp:attachment":[{"href":"https:\/\/medheviz.hu\/de\/wp-json\/wp\/v2\/media?parent=1209"}],"curies":[{"name":"wp","href":"https:\/\/api.w.org\/{rel}","templated":true}]}}