{"id":1213,"date":"2013-01-27T23:24:18","date_gmt":"2013-01-27T22:24:18","guid":{"rendered":"http:\/\/medheviz.hu\/?page_id=1213"},"modified":"2017-06-25T12:47:06","modified_gmt":"2017-06-25T10:47:06","slug":"nyirokdrainage-masszazs","status":"publish","type":"page","link":"https:\/\/medheviz.hu\/de\/beauty\/nyirokdrainage-masszazs\/","title":{"rendered":"Nyirokdrainage massz\u00e1zs"},"content":{"rendered":"<p>A nyirok-drainage egy olyan gyeng\u00e9d massz\u00e1zstechnik\u00e1t takar, amellyel egyr\u00e9szt megpr\u00f3b\u00e1lj\u00e1k a sz\u00f6vetek k\u00f6z\u00f6tt felhalmoz\u00f3dott nyirkot a t\u00f6rzs fel\u00e9 ir\u00e1ny\u00edtani, m\u00e1sr\u00e9szt a nyirokerek m\u0171k\u00f6d\u00e9s\u00e9t serkenteni, azokat akt\u00edvabb \u00f6sszeh\u00faz\u00f3d\u00e1sra r\u00e1b\u00edrni.<\/p>\n<div>\n<p>Rendk\u00edv\u00fcl kellemes, nyugtat\u00f3 \u00e9s fesz\u00fclts\u00e9gold\u00f3 hat\u00e1s\u00fa, ez\u00e9rt kiv\u00e1l\u00f3an alkalmas viszonylag r\u00f6vid id\u0151 alatt bels\u0151 egyens\u00falyunk helyre\u00e1ll\u00edt\u00e1s\u00e1ra. De a harmoniz\u00e1l\u00f3 hat\u00e1s\u00e1n t\u00fal rengeteg baj kezel\u00e9s\u00e9re alkalmazhat\u00f3. A nyirok-drainage seg\u00edti szervezet\u00fcnket a m\u00e9regtelen\u00edt\u00e9sben, er\u0151s\u00edti immunrendszer\u00fcnket. El\u0151seg\u00edti a regener\u00e1l\u00f3d\u00e1st, mert seg\u00edti a sz\u00f6vetekb\u0151l t\u00f6rt\u00e9n\u0151 salakanyag kiv\u00e1laszt\u00e1st. M\u00e9regtelen\u00edt\u0151 hat\u00e1s\u00fa. Kezel\u00e9sek ut\u00e1n rugalmasabb, szebb lesz a b\u0151r, elt\u0171nnek a szem alatti t\u00e1sk\u00e1k, a v\u00e9gtagok duzzanatai. Kozmetikai szempontb\u00f3l is el\u0151ny\u00f6s v\u00e1ltoz\u00e1sokat \u00e9szlelhet\u00fcnk. A nyirok-drainage kiv\u00e1l\u00f3an alkalmas a pattan\u00e1sos b\u0151r kezel\u00e9s\u00e9re. A nyirok\u00e1raml\u00e1s \u00e9l\u00e9nk\u00edt\u00e9s\u00e9vel a sejtek k\u00f6z\u00f6tt t\u00e1panyagokban gazdag, friss nyiroknedv \u00e1ramlik. A nyirokrendszerben bek\u00f6vetkez\u0151 zavarok g\u00e1tolj\u00e1k a nyirok \u00e1raml\u00e1s\u00e1t. A nyirok-drainage seg\u00edts\u00e9g\u00e9vel k\u00edm\u00e9letesen, gy\u00f3gyszerek n\u00e9lk\u00fcl cs\u00f6kkenthet\u0151k az \u00f6d\u00e9m\u00e1k, duzzanatok. Gyors\u00edtja, seg\u00edti a gy\u00f3gyul\u00e1st, a rehabilit\u00e1ci\u00f3t. Prevent\u00edv \u00e9s rekre\u00e1ci\u00f3s alkalmaz\u00e1sa eset\u00e9n eg\u00e9szs\u00e9gmeg\u0151rz\u0151, eg\u00e9szs\u00e9gv\u00e9d\u0151 szerepe vitathatatlan.<\/p>\n<\/div>\n<p><\/p>","protected":false},"excerpt":{"rendered":"<p>A nyirok-drainage egy olyan gyeng\u00e9d massz\u00e1zstechnik\u00e1t takar, amellyel egyr\u00e9szt megpr\u00f3b\u00e1lj\u00e1k a sz\u00f6vetek k\u00f6z\u00f6tt felhalmoz\u00f3dott nyirkot a t\u00f6rzs fel\u00e9 ir\u00e1ny\u00edtani, m\u00e1sr\u00e9szt a nyirokerek m\u0171k\u00f6d\u00e9s\u00e9t serkenteni, azokat akt\u00edvabb \u00f6sszeh\u00faz\u00f3d\u00e1sra r\u00e1b\u00edrni. Rendk\u00edv\u00fcl kellemes, nyugtat\u00f3 \u00e9s fesz\u00fclts\u00e9gold\u00f3 hat\u00e1s\u00fa, ez\u00e9rt kiv\u00e1l\u00f3an alkalmas viszonylag r\u00f6vid id\u0151 alatt bels\u0151 egyens\u00falyunk helyre\u00e1ll\u00edt\u00e1s\u00e1ra. De a harmoniz\u00e1l\u00f3 hat\u00e1s\u00e1n t\u00fal rengeteg baj kezel\u00e9s\u00e9re alkalmazhat\u00f3. A nyirok-drainage [&hellip;]<\/p>\n","protected":false},"author":5,"featured_media":0,"parent":1077,"menu_order":0,"comment_status":"open","ping_status":"open","template":"","meta":{"footnotes":""},"_links":{"self":[{"href":"https:\/\/medheviz.hu\/de\/wp-json\/wp\/v2\/pages\/1213"}],"collection":[{"href":"https:\/\/medheviz.hu\/de\/wp-json\/wp\/v2\/pages"}],"about":[{"href":"https:\/\/medheviz.hu\/de\/wp-json\/wp\/v2\/types\/page"}],"author":[{"embeddable":true,"href":"https:\/\/medheviz.hu\/de\/wp-json\/wp\/v2\/users\/5"}],"replies":[{"embeddable":true,"href":"https:\/\/medheviz.hu\/de\/wp-json\/wp\/v2\/comments?post=1213"}],"version-history":[{"count":6,"href":"https:\/\/medheviz.hu\/de\/wp-json\/wp\/v2\/pages\/1213\/revisions"}],"predecessor-version":[{"id":1576,"href":"https:\/\/medheviz.hu\/de\/wp-json\/wp\/v2\/pages\/1213\/revisions\/1576"}],"up":[{"embeddable":true,"href":"https:\/\/medheviz.hu\/de\/wp-json\/wp\/v2\/pages\/1077"}],"wp:attachment":[{"href":"https:\/\/medheviz.hu\/de\/wp-json\/wp\/v2\/media?parent=1213"}],"curies":[{"name":"wp","href":"https:\/\/api.w.org\/{rel}","templated":true}]}}