{"id":1215,"date":"2013-01-27T23:24:37","date_gmt":"2013-01-27T22:24:37","guid":{"rendered":"http:\/\/medheviz.hu\/?page_id=1215"},"modified":"2017-06-25T12:48:20","modified_gmt":"2017-06-25T10:48:20","slug":"interferencia","status":"publish","type":"page","link":"https:\/\/medheviz.hu\/de\/beauty\/interferencia\/","title":{"rendered":"Interferencia"},"content":{"rendered":"<p><strong>Az interferencia-k\u00e9sz\u00fcl\u00e9k hat\u00e1sir\u00f3l:<\/strong><\/p>\n<p>Kering\u00e9sserkent\u0151, f\u00e1jdalom\u00e9rzet cs\u00f6kkent\u0151, f\u00e1radts\u00e1got sz\u00fcntet\u0151, anyagcsere-fokoz\u00f3, izomlaz\u00edt\u00f3 hat\u00e1s.<\/p>\n<p>A jobb v\u00e9rkering\u00e9st t\u00f6bbf\u00e9le m\u00f3don is serkenti. Egyr\u00e9szt izgatja a v\u00e9red\u00e9nyek fal\u00e1nak idegeit, m\u00e1sr\u00e9szt er\u0151s\u00edti a szimpatikus ideghat\u00e1st, valamint a direkt mechanikus befoly\u00e1s\u00e1val hat a t\u00e1gult, vagy renyhe v\u00e9n\u00e1kra.<\/p>\n<p>Nagy k\u00fcl\u00f6nbs\u00e9g az akt\u00edv torna \u00e9s elektrogimnasztika k\u00f6z\u00f6tt, hogy m\u00edg a torna az izmokban f\u00e1radts\u00e1gi term\u00e9kek lerak\u00f3d\u00e1s\u00e1t, izoml\u00e1zat okoz, addig az elektrogimnaszik\u00e1n\u00e1l b\u00e1rmilyen er\u0151s \u00e9s tart\u00f3s izomtorn\u00e1t is v\u00e9gz\u00fcnk, ilyen f\u00e1radts\u00e1gi term\u00e9kek nem keletkeznek. A kezel\u00e9s v\u00e9g\u00e9n m\u00e9g pihentebbnek is \u00e9rezz\u00fck magunkat, mint el\u0151tte.<\/p>\n<p>Teh\u00e1t ezt a g\u00e9pet nyugodtan haszn\u00e1lhatjuk lok\u00e1lis fogyaszt\u00e1sra, cellulit kezel\u00e9sre, izomer\u0151s\u00edt\u00e9sre, izoml\u00e1z old\u00e1s\u00e1ra, az anyagcsere folyamat\u00e1nak gyors\u00edt\u00e1s\u00e1ra, szelekt\u00edv alakkorrekci\u00f3ra, petyh\u00fcdt, ny\u00falt izmok toniz\u00e1l\u00e1s\u00e1ra. S\u0151t haszn\u00e1lata a rehabilit\u00e1ci\u00f3s kezel\u00e9sekbe is beilleszthet\u0151.<\/p>","protected":false},"excerpt":{"rendered":"<p>Az interferencia-k\u00e9sz\u00fcl\u00e9k hat\u00e1sir\u00f3l: Kering\u00e9sserkent\u0151, f\u00e1jdalom\u00e9rzet cs\u00f6kkent\u0151, f\u00e1radts\u00e1got sz\u00fcntet\u0151, anyagcsere-fokoz\u00f3, izomlaz\u00edt\u00f3 hat\u00e1s. A jobb v\u00e9rkering\u00e9st t\u00f6bbf\u00e9le m\u00f3don is serkenti. Egyr\u00e9szt izgatja a v\u00e9red\u00e9nyek fal\u00e1nak idegeit, m\u00e1sr\u00e9szt er\u0151s\u00edti a szimpatikus ideghat\u00e1st, valamint a direkt mechanikus befoly\u00e1s\u00e1val hat a t\u00e1gult, vagy renyhe v\u00e9n\u00e1kra. Nagy k\u00fcl\u00f6nbs\u00e9g az akt\u00edv torna \u00e9s elektrogimnasztika k\u00f6z\u00f6tt, hogy m\u00edg a torna az izmokban f\u00e1radts\u00e1gi [&hellip;]<\/p>\n","protected":false},"author":5,"featured_media":0,"parent":1077,"menu_order":0,"comment_status":"open","ping_status":"open","template":"","meta":{"footnotes":""},"_links":{"self":[{"href":"https:\/\/medheviz.hu\/de\/wp-json\/wp\/v2\/pages\/1215"}],"collection":[{"href":"https:\/\/medheviz.hu\/de\/wp-json\/wp\/v2\/pages"}],"about":[{"href":"https:\/\/medheviz.hu\/de\/wp-json\/wp\/v2\/types\/page"}],"author":[{"embeddable":true,"href":"https:\/\/medheviz.hu\/de\/wp-json\/wp\/v2\/users\/5"}],"replies":[{"embeddable":true,"href":"https:\/\/medheviz.hu\/de\/wp-json\/wp\/v2\/comments?post=1215"}],"version-history":[{"count":5,"href":"https:\/\/medheviz.hu\/de\/wp-json\/wp\/v2\/pages\/1215\/revisions"}],"predecessor-version":[{"id":1577,"href":"https:\/\/medheviz.hu\/de\/wp-json\/wp\/v2\/pages\/1215\/revisions\/1577"}],"up":[{"embeddable":true,"href":"https:\/\/medheviz.hu\/de\/wp-json\/wp\/v2\/pages\/1077"}],"wp:attachment":[{"href":"https:\/\/medheviz.hu\/de\/wp-json\/wp\/v2\/media?parent=1215"}],"curies":[{"name":"wp","href":"https:\/\/api.w.org\/{rel}","templated":true}]}}