{"id":1240,"date":"2013-01-27T23:33:27","date_gmt":"2013-01-27T22:33:27","guid":{"rendered":"http:\/\/medheviz.hu\/?page_id=1240"},"modified":"2017-06-25T12:37:44","modified_gmt":"2017-06-25T10:37:44","slug":"fango","status":"publish","type":"page","link":"https:\/\/medheviz.hu\/de\/reumatologia\/kezelesek\/fango\/","title":{"rendered":"Fango"},"content":{"rendered":"<p>A<strong> fango<\/strong> (l\u00e1sd m\u00e9g Iszapk\u00fara, iszappakol\u00e1s) a vulk\u00e1ni talajb\u00f3l sz\u00e1rmaz\u00f3 felforr\u00f3s\u00edtott, szagtalan \u00e1sv\u00e1nyi anyagtartalm\u00fa iszap olasz elnevez\u00e9se, a fango-kezel\u00e9s ilyen iszappal t\u00f6rt\u00e9n\u0151 kezel\u00e9st jelent. Az iszap k\u00f6zvetlen kapcsolatban van a foly\u00f3 term\u00e1lv\u00edzzel, a napf\u00e9nnyel \u00e9s a leveg\u0151vel. Csak egy bizonyos \u00e9r\u00e9si folyamaton \u00e1tesett iszap alkalmazhat\u00f3 ter\u00e1pi\u00e1s c\u00e9lokra, mivel gy\u00f3gyhat\u00e1s\u00fav\u00e1 csak akkor v\u00e1lik, amikorra tel\u00edt\u0151d\u00f6tt szerves anyagokkal (\u201e\u00e9rett\u201d fango). A foly\u00e9kony alkot\u00f3r\u00e9szek, vagyis a s\u00f3-, a br\u00f3m- \u00e9s j\u00f3dtartalm\u00fa v\u00edz, nagyon fontos szerepet j\u00e1tszanak ebben az \u00e9r\u00e9si folyamatban. A szil\u00e1rd, hideg anyagot speci\u00e1lis k\u00e1lyh\u00e1kban 60-70 C\u00ba-osra meleg\u00edtik fel.<\/p>\n<div><strong>Eredet<\/strong><br \/>\nM\u00e1r az \u00f3korban haszn\u00e1lt\u00e1k ezt a melegter\u00e1pi\u00e1t k\u00fcls\u0151leg, \u00e9s kent\u00e9k be a testet forr\u00f3, \u00e1sv\u00e1nyi anyagokkal tel\u00edtett forr\u00e1sokb\u00f3l sz\u00e1rmaz\u00f3 iszappal.<\/div>\n<div>A gy\u00f3gykezel\u00e9s sor\u00e1n a fango-t kb. 2 cm vastagon r\u00e1\u00f6ntik egy m\u0171anyag f\u00f3li\u00e1ra, \u00e9s hagyj\u00e1k kb. 50 C\u00ba-ra leh\u0171lni. A test a forr\u00f3 fango-pakol\u00e1sba csomagolva izzadni kezd, ami \u00e9rt\u00e1gul\u00e1st, valamint gyorsabb v\u00e9rkering\u00e9st eredm\u00e9nyez. Tov\u00e1bb\u00e1 a fango-ban tal\u00e1lhat\u00f3 algar\u00e9szecsk\u00e9k fel\u00e9l\u00e9nk\u00edtik a f\u00e1jdalomcsillap\u00edt\u00f3 anyagok (endorfinok) termel\u00e9s\u00e9t. A fango-pakol\u00e1st olyan esetekben alkalmazz\u00e1k, amelyekben a meleg pozit\u00edvan hat (pl. mozg\u00e1sszervi panaszok \u00e9s fesz\u00fclts\u00e9g enyh\u00edt\u00e9s\u00e9re).<\/div>\n<div>A fango-kezel\u00e9s pozit\u00edv hat\u00e1sai mellett figyelembe kell venni, hogy a fango pakol\u00e1sok er\u0151s meleg\u00e9rzetet eredm\u00e9nyeznek, ez\u00e9rt bizonyos betegs\u00e9gekben (magas v\u00e9rnyom\u00e1s, sz\u00edvbetegs\u00e9gek, vissz\u00e9r betegs\u00e9gek, v\u00e9rz\u00e9kenys\u00e9g) szenved\u0151knek nem javasolt.<\/div>\n<p><\/p>","protected":false},"excerpt":{"rendered":"<p>A fango (l\u00e1sd m\u00e9g Iszapk\u00fara, iszappakol\u00e1s) a vulk\u00e1ni talajb\u00f3l sz\u00e1rmaz\u00f3 felforr\u00f3s\u00edtott, szagtalan \u00e1sv\u00e1nyi anyagtartalm\u00fa iszap olasz elnevez\u00e9se, a fango-kezel\u00e9s ilyen iszappal t\u00f6rt\u00e9n\u0151 kezel\u00e9st jelent. Az iszap k\u00f6zvetlen kapcsolatban van a foly\u00f3 term\u00e1lv\u00edzzel, a napf\u00e9nnyel \u00e9s a leveg\u0151vel. Csak egy bizonyos \u00e9r\u00e9si folyamaton \u00e1tesett iszap alkalmazhat\u00f3 ter\u00e1pi\u00e1s c\u00e9lokra, mivel gy\u00f3gyhat\u00e1s\u00fav\u00e1 csak akkor v\u00e1lik, amikorra tel\u00edt\u0151d\u00f6tt szerves [&hellip;]<\/p>\n","protected":false},"author":5,"featured_media":0,"parent":1224,"menu_order":0,"comment_status":"open","ping_status":"open","template":"","meta":{"footnotes":""},"_links":{"self":[{"href":"https:\/\/medheviz.hu\/de\/wp-json\/wp\/v2\/pages\/1240"}],"collection":[{"href":"https:\/\/medheviz.hu\/de\/wp-json\/wp\/v2\/pages"}],"about":[{"href":"https:\/\/medheviz.hu\/de\/wp-json\/wp\/v2\/types\/page"}],"author":[{"embeddable":true,"href":"https:\/\/medheviz.hu\/de\/wp-json\/wp\/v2\/users\/5"}],"replies":[{"embeddable":true,"href":"https:\/\/medheviz.hu\/de\/wp-json\/wp\/v2\/comments?post=1240"}],"version-history":[{"count":7,"href":"https:\/\/medheviz.hu\/de\/wp-json\/wp\/v2\/pages\/1240\/revisions"}],"predecessor-version":[{"id":1570,"href":"https:\/\/medheviz.hu\/de\/wp-json\/wp\/v2\/pages\/1240\/revisions\/1570"}],"up":[{"embeddable":true,"href":"https:\/\/medheviz.hu\/de\/wp-json\/wp\/v2\/pages\/1224"}],"wp:attachment":[{"href":"https:\/\/medheviz.hu\/de\/wp-json\/wp\/v2\/media?parent=1240"}],"curies":[{"name":"wp","href":"https:\/\/api.w.org\/{rel}","templated":true}]}}