{"id":1248,"date":"2013-01-27T23:34:37","date_gmt":"2013-01-27T22:34:37","guid":{"rendered":"http:\/\/medheviz.hu\/?page_id=1248"},"modified":"2017-06-25T12:00:58","modified_gmt":"2017-06-25T10:00:58","slug":"elektromos-kezelesek","status":"publish","type":"page","link":"https:\/\/medheviz.hu\/de\/reumatologia\/kezelesek\/elektromos-kezelesek\/","title":{"rendered":"Elektromos kezel\u00e9sek"},"content":{"rendered":"<p>Az elektroter\u00e1pi\u00e1s kezel\u00e9sek \u00e1rammal t\u00f6rt\u00e9n\u0151 kezel\u00e9sek. Megk\u00fcl\u00f6nb\u00f6ztet\u00fcnk kis-, k\u00f6z\u00e9p-\u00e9s nagyfrekvenci\u00e1s kezel\u00e9seket. A kisfrekvenci\u00e1s kezel\u00e9sek k\u00f6z\u00e9 tartoznak az ultrahang, a m\u00e1gneskarika, diadynamic, ionomodulator, sonopuls, stymat, sonodynator, dionin, endomed kezel\u00e9sek, vagy a cryoter\u00e1pia, ami hideg leveg\u0151 \u00e1ramoltat\u00e1s\u00e1val a friss \u00edz\u00fcleti s\u00e9r\u00fcl\u00e9sek eset\u00e9n kiv\u00e1l\u00f3an alkalmazhat\u00f3.<\/p>\n<p>Nagyfrekvenci\u00e1s kezel\u00e9seknek 3 fajt\u00e1ja van, a decim\u00e9terhull\u00e1m, mikrohull\u00e1m, r\u00f6vidhull\u00e1m. A kezel\u00e9s sor\u00e1n a nagyfrekvenci\u00e1j\u00fa g\u00e9pek az \u00e1ram h\u0151hat\u00e1s\u00e1t felhaszn\u00e1lva sz\u00f6veti v\u00e9rb\u0151s\u00e9get eredm\u00e9nyeznek.<\/p>\n<p><strong>A kezel\u00e9sek l\u00e9nyege<\/strong>, hogy k\u00e9t elektr\u00f3d\u00e1n kereszt\u00fcl alacsony rezg\u00e9s\u0171 \u00e1ramot k\u00fcld\u00fcnk a f\u00e1jdalmas r\u00e9szekbe, amikor is enyhe bizserg\u00e9s \u00e9rezhet\u0151. Az elektroter\u00e1pi\u00e1s kezel\u00e9sek kifejezetten gyors\u00edtja a gy\u00f3gyul\u00e1st, \u00ednszalag s\u00e9r\u00fcl\u00e9sek eset\u00e9n kiv\u00e1l\u00f3an alkalmazhat\u00f3.<\/p>","protected":false},"excerpt":{"rendered":"<p>Az elektroter\u00e1pi\u00e1s kezel\u00e9sek \u00e1rammal t\u00f6rt\u00e9n\u0151 kezel\u00e9sek. Megk\u00fcl\u00f6nb\u00f6ztet\u00fcnk kis-, k\u00f6z\u00e9p-\u00e9s nagyfrekvenci\u00e1s kezel\u00e9seket. A kisfrekvenci\u00e1s kezel\u00e9sek k\u00f6z\u00e9 tartoznak az ultrahang, a m\u00e1gneskarika, diadynamic, ionomodulator, sonopuls, stymat, sonodynator, dionin, endomed kezel\u00e9sek, vagy a cryoter\u00e1pia, ami hideg leveg\u0151 \u00e1ramoltat\u00e1s\u00e1val a friss \u00edz\u00fcleti s\u00e9r\u00fcl\u00e9sek eset\u00e9n kiv\u00e1l\u00f3an alkalmazhat\u00f3. Nagyfrekvenci\u00e1s kezel\u00e9seknek 3 fajt\u00e1ja van, a decim\u00e9terhull\u00e1m, mikrohull\u00e1m, r\u00f6vidhull\u00e1m. A kezel\u00e9s sor\u00e1n a [&hellip;]<\/p>\n","protected":false},"author":5,"featured_media":0,"parent":1224,"menu_order":0,"comment_status":"open","ping_status":"open","template":"","meta":{"footnotes":""},"_links":{"self":[{"href":"https:\/\/medheviz.hu\/de\/wp-json\/wp\/v2\/pages\/1248"}],"collection":[{"href":"https:\/\/medheviz.hu\/de\/wp-json\/wp\/v2\/pages"}],"about":[{"href":"https:\/\/medheviz.hu\/de\/wp-json\/wp\/v2\/types\/page"}],"author":[{"embeddable":true,"href":"https:\/\/medheviz.hu\/de\/wp-json\/wp\/v2\/users\/5"}],"replies":[{"embeddable":true,"href":"https:\/\/medheviz.hu\/de\/wp-json\/wp\/v2\/comments?post=1248"}],"version-history":[{"count":7,"href":"https:\/\/medheviz.hu\/de\/wp-json\/wp\/v2\/pages\/1248\/revisions"}],"predecessor-version":[{"id":1536,"href":"https:\/\/medheviz.hu\/de\/wp-json\/wp\/v2\/pages\/1248\/revisions\/1536"}],"up":[{"embeddable":true,"href":"https:\/\/medheviz.hu\/de\/wp-json\/wp\/v2\/pages\/1224"}],"wp:attachment":[{"href":"https:\/\/medheviz.hu\/de\/wp-json\/wp\/v2\/media?parent=1248"}],"curies":[{"name":"wp","href":"https:\/\/api.w.org\/{rel}","templated":true}]}}