{"id":1277,"date":"2013-01-27T23:42:09","date_gmt":"2013-01-27T22:42:09","guid":{"rendered":"http:\/\/medheviz.hu\/?page_id=1277"},"modified":"2017-06-25T11:54:52","modified_gmt":"2017-06-25T09:54:52","slug":"frissito","status":"publish","type":"page","link":"https:\/\/medheviz.hu\/de\/reumatologia\/kezelesek\/masszazs\/frissito\/","title":{"rendered":"Friss\u00edt\u0151 massz\u00e1zs"},"content":{"rendered":"<p class=\"qtranxs-available-languages-message qtranxs-available-languages-message-de\">Leider ist der Eintrag nur auf <a href=\"https:\/\/medheviz.hu\/hu\/wp-json\/wp\/v2\/pages\/1277\" class=\"qtranxs-available-language-link qtranxs-available-language-link-hu\" title=\"Magyar\">Ungarisch<\/a> und <a href=\"https:\/\/medheviz.hu\/ru\/wp-json\/wp\/v2\/pages\/1277\" class=\"qtranxs-available-language-link qtranxs-available-language-link-ru\" title=\"Russian\">Russisch<\/a> verf\u00fcgbar.<\/p>","protected":false},"excerpt":{"rendered":"<p>Leider ist der Eintrag nur auf Ungarisch und Russisch verf\u00fcgbar.<\/p>\n","protected":false},"author":5,"featured_media":0,"parent":1242,"menu_order":0,"comment_status":"open","ping_status":"open","template":"","meta":{"footnotes":""},"_links":{"self":[{"href":"https:\/\/medheviz.hu\/de\/wp-json\/wp\/v2\/pages\/1277"}],"collection":[{"href":"https:\/\/medheviz.hu\/de\/wp-json\/wp\/v2\/pages"}],"about":[{"href":"https:\/\/medheviz.hu\/de\/wp-json\/wp\/v2\/types\/page"}],"author":[{"embeddable":true,"href":"https:\/\/medheviz.hu\/de\/wp-json\/wp\/v2\/users\/5"}],"replies":[{"embeddable":true,"href":"https:\/\/medheviz.hu\/de\/wp-json\/wp\/v2\/comments?post=1277"}],"version-history":[{"count":7,"href":"https:\/\/medheviz.hu\/de\/wp-json\/wp\/v2\/pages\/1277\/revisions"}],"predecessor-version":[{"id":1528,"href":"https:\/\/medheviz.hu\/de\/wp-json\/wp\/v2\/pages\/1277\/revisions\/1528"}],"up":[{"embeddable":true,"href":"https:\/\/medheviz.hu\/de\/wp-json\/wp\/v2\/pages\/1242"}],"wp:attachment":[{"href":"https:\/\/medheviz.hu\/de\/wp-json\/wp\/v2\/media?parent=1277"}],"curies":[{"name":"wp","href":"https:\/\/api.w.org\/{rel}","templated":true}]}}