{"id":1088,"date":"2012-11-13T11:25:52","date_gmt":"2012-11-13T10:25:52","guid":{"rendered":"http:\/\/medheviz.hu\/?page_id=1088"},"modified":"2023-10-21T12:32:50","modified_gmt":"2023-10-21T10:32:50","slug":"kapcsolat","status":"publish","type":"page","link":"https:\/\/medheviz.hu\/ru\/kapcsolat\/","title":{"rendered":"\u041a\u043e\u043d\u0442\u0430\u043a\u0442"},"content":{"rendered":"<p><\/p>\n<div style=\"float: right; width: 50%;\"><iframe loading=\"lazy\" src=\"https:\/\/maps.google.hu\/maps?hl=hu&amp;q=8380+H%C3%A9v%C3%ADz,+Kossuth+Lajos+u.+74.&amp;ie=UTF8&amp;hq=&amp;hnear=8380+H%C3%A9v%C3%ADz,+Kossuth+Lajos+utca+74&amp;gl=hu&amp;t=m&amp;z=14&amp;ll=46.781294,17.18858&amp;output=embed\" height=\"425\" width=\"100%\" frameborder=\"0\" marginwidth=\"0\" marginheight=\"0\" scrolling=\"no\"><\/iframe><small><a href=\"https:\/\/maps.google.hu\/maps?hl=hu&amp;q=8380+H%C3%A9v%C3%ADz,+Kossuth+Lajos+u.+74.&amp;ie=UTF8&amp;hq=&amp;hnear=8380+H%C3%A9v%C3%ADz,+Kossuth+Lajos+utca+74&amp;gl=hu&amp;t=m&amp;z=14&amp;ll=46.781294,17.18858&amp;source=embed\">Nagyobb t\u00e9rk\u00e9pre v\u00e1lt\u00e1s<\/a><\/small><\/div>\n<div style=\"float: left; width: 50%;\"><strong>Medical &amp; Beauty Center<br \/>\n<\/strong>8380 \u0425\u0435\u0432\u0438\u0437, \u0443\u043b\u0438\u0446\u0430 \u041a\u043e\u0448\u0443\u0442\u0430, \u0434. 74.<br \/>\n\u0422\u0435\u043b.: +36309294982<br \/>\nE-mail: reumaheviz@yahoo.de<\/div>\n<div style=\"float: left; width: 50%;\"><\/div>\n<div style=\"float: left; width: 50%;\">\n<div class=\"wpcf7 no-js\" id=\"wpcf7-f1010-o3\" lang=\"\" dir=\"ltr\">\n<div class=\"screen-reader-response\"><p role=\"status\" aria-live=\"polite\" aria-atomic=\"true\"><\/p> <ul><\/ul><\/div>\n<form action=\"\/ru\/wp-json\/wp\/v2\/pages\/1088#wpcf7-f1010-o3\" method=\"post\" class=\"wpcf7-form init\" aria-label=\"\u041a\u043e\u043d\u0442\u0430\u043a\u0442\u043d\u0430\u044f \u0444\u043e\u0440\u043c\u0430\" novalidate=\"novalidate\" data-status=\"init\">\n<div style=\"display: none;\">\n<input type=\"hidden\" name=\"_wpcf7\" value=\"1010\" \/>\n<input type=\"hidden\" name=\"_wpcf7_version\" value=\"5.8.1\" \/>\n<input type=\"hidden\" name=\"_wpcf7_locale\" value=\"\" \/>\n<input type=\"hidden\" name=\"_wpcf7_unit_tag\" value=\"wpcf7-f1010-o3\" \/>\n<input type=\"hidden\" name=\"_wpcf7_container_post\" value=\"0\" \/>\n<input type=\"hidden\" name=\"_wpcf7_posted_data_hash\" value=\"\" \/>\n<\/div>\n<p>N\u00e9v\n<\/p>\n<p><span class=\"wpcf7-form-control-wrap\" data-name=\"your-name\"><input size=\"40\" class=\"wpcf7-form-control wpcf7-text wpcf7-validates-as-required\" aria-required=\"true\" aria-invalid=\"false\" value=\"\" type=\"text\" name=\"your-name\" \/><\/span>\n<\/p>\n<p>E-mail\n<\/p>\n<p><span class=\"wpcf7-form-control-wrap\" data-name=\"your-email\"><input size=\"40\" class=\"wpcf7-form-control wpcf7-email wpcf7-validates-as-required wpcf7-text wpcf7-validates-as-email\" aria-required=\"true\" aria-invalid=\"false\" value=\"\" type=\"email\" name=\"your-email\" \/><\/span>\n<\/p>\n<p>Telefon\n<\/p>\n<p><span class=\"wpcf7-form-control-wrap\" data-name=\"your-phone\"><input size=\"40\" class=\"wpcf7-form-control wpcf7-text\" aria-invalid=\"false\" value=\"\" type=\"text\" name=\"your-phone\" \/><\/span>\n<\/p>\n<p>T\u00e1rgy\n<\/p>\n<p><span class=\"wpcf7-form-control-wrap\" data-name=\"your-subject\"><input size=\"40\" class=\"wpcf7-form-control wpcf7-text\" aria-invalid=\"false\" value=\"\" type=\"text\" name=\"your-subject\" \/><\/span>\n<\/p>\n<p>\u00dczenet\n<\/p>\n<p><span class=\"wpcf7-form-control-wrap\" data-name=\"your-message\"><textarea cols=\"40\" rows=\"10\" class=\"wpcf7-form-control wpcf7-textarea\" aria-invalid=\"false\" name=\"your-message\"><\/textarea><\/span>\n<\/p>\n<p><input class=\"wpcf7-form-control wpcf7-submit has-spinner\" type=\"submit\" value=\"K\u00fcld\u00e9s\" \/>\n<\/p><p style=\"display: none !important;\" class=\"akismet-fields-container\" data-prefix=\"_wpcf7_ak_\"><label>&#916;<textarea name=\"_wpcf7_ak_hp_textarea\" cols=\"45\" rows=\"8\" maxlength=\"100\"><\/textarea><\/label><input type=\"hidden\" id=\"ak_js_3\" name=\"_wpcf7_ak_js\" value=\"117\"\/><script>document.getElementById( \"ak_js_3\" ).setAttribute( \"value\", ( new Date() ).getTime() );<\/script><\/p><div class=\"wpcf7-response-output\" aria-hidden=\"true\"><\/div>\n<\/form>\n<\/div>\n<\/div>\n<p><\/p>","protected":false},"excerpt":{"rendered":"<p>Nagyobb t\u00e9rk\u00e9pre v\u00e1lt\u00e1s Medical &amp; Beauty Center 8380 \u0425\u0435\u0432\u0438\u0437, \u0443\u043b\u0438\u0446\u0430 \u041a\u043e\u0448\u0443\u0442\u0430, \u0434. 74. \u0422\u0435\u043b.: +36309294982 E-mail: reumaheviz@yahoo.de<\/p>\n","protected":false},"author":1,"featured_media":0,"parent":0,"menu_order":1,"comment_status":"open","ping_status":"open","template":"","meta":{"footnotes":""},"_links":{"self":[{"href":"https:\/\/medheviz.hu\/ru\/wp-json\/wp\/v2\/pages\/1088"}],"collection":[{"href":"https:\/\/medheviz.hu\/ru\/wp-json\/wp\/v2\/pages"}],"about":[{"href":"https:\/\/medheviz.hu\/ru\/wp-json\/wp\/v2\/types\/page"}],"author":[{"embeddable":true,"href":"https:\/\/medheviz.hu\/ru\/wp-json\/wp\/v2\/users\/1"}],"replies":[{"embeddable":true,"href":"https:\/\/medheviz.hu\/ru\/wp-json\/wp\/v2\/comments?post=1088"}],"version-history":[{"count":79,"href":"https:\/\/medheviz.hu\/ru\/wp-json\/wp\/v2\/pages\/1088\/revisions"}],"predecessor-version":[{"id":1588,"href":"https:\/\/medheviz.hu\/ru\/wp-json\/wp\/v2\/pages\/1088\/revisions\/1588"}],"wp:attachment":[{"href":"https:\/\/medheviz.hu\/ru\/wp-json\/wp\/v2\/media?parent=1088"}],"curies":[{"name":"wp","href":"https:\/\/api.w.org\/{rel}","templated":true}]}}